{"id":40438,"date":"2024-10-03T16:35:43","date_gmt":"2024-10-03T16:35:43","guid":{"rendered":"https:\/\/www.spotzencenter.com\/?post_type=product&#038;p=40438"},"modified":"2025-03-15T17:27:21","modified_gmt":"2025-03-15T17:27:21","slug":"anti-cellulite-program","status":"publish","type":"product","link":"https:\/\/www.spotzencenter.com\/es\/producto\/anti-cellulite-program\/","title":{"rendered":"programa anticelul\u00edtico"},"content":{"rendered":"<div class=\"elementor-element elementor-element-7152081a cmsmasters-block-default cmsmasters-sticky-default elementor-widget elementor-widget-text-editor\" data-id=\"7152081a\" data-element_type=\"widget\" data-widget_type=\"text-editor.default\">\n<div class=\"elementor-widget-container\">\n<p><span data-sheets-root=\"1\">Programa de 15 sesiones<\/span><\/p>\n<p>Nuestra \u00faltima tecnolog\u00eda es ideal para combatir la celulitis mediante t\u00e9cnicas para eliminar los dep\u00f3sitos de grasa debajo de la piel, produciendo una mejora notable y continua en la temida piel de naranja. (Sesiones de 60 minutos, 2 veces por semana)<\/p>\n<p>ZONAS TRATABLES<\/p>\n<p>Piernas<br \/>\nGl\u00fateos<br \/>\nBrazos<\/p>\n<\/div>\n<\/div>\n<div class=\"elementor-element elementor-element-17d4592 elementor-widget-divider--view-line cmsmasters-block-default cmsmasters-sticky-default elementor-widget elementor-widget-divider\" data-id=\"17d4592\" data-element_type=\"widget\" data-widget_type=\"divider.default\">\n<div class=\"elementor-widget-container\">\n<div class=\"elementor-divider\"><\/div>\n<\/div>\n<\/div>\n<div class=\"elementor-element elementor-element-3e4dcb1a cmsmasters-block-default cmsmasters-sticky-default elementor-widget elementor-widget-heading\" data-id=\"3e4dcb1a\" data-element_type=\"widget\" data-widget_type=\"heading.default\">\n<div class=\"elementor-widget-container\">\n<h4 class=\"elementor-heading-title elementor-size-default\">Beneficios:<\/h4>\n<\/div>\n<\/div>\n<div class=\"elementor-element elementor-element-498b4660 cmsmasters-block-default cmsmasters-sticky-default elementor-widget elementor-widget-text-editor\" data-id=\"498b4660\" data-element_type=\"widget\" data-widget_type=\"text-editor.default\">\n<div class=\"elementor-widget-container\">\n<ul>\n<li><span data-sheets-root=\"1\">Suavizado de piel irregular. Estimulaci\u00f3n de la producci\u00f3n de nueva elastina y col\u00e1geno.<\/span><\/li>\n<li><span data-sheets-root=\"1\">Mejora la vitalidad, la apariencia y la sensaci\u00f3n de la piel.<\/span><\/li>\n<li><span data-sheets-root=\"1\">Consiga una piel que luzca m\u00e1s saludable y joven.<\/span><\/li>\n<li><span data-sheets-root=\"1\">Los resultados son duraderos.<\/span><\/li>\n<li><span data-sheets-root=\"1\">Pr\u00e1cticamente no hay tiempo de inactividad.<\/span><\/li>\n<\/ul>\n<\/div>\n<\/div>","protected":false},"excerpt":{"rendered":"<p>15-Session Program Our latest technology is ideal for combating cellulite by using techniques to eliminate fat deposits beneath the skin, leading to a noticeable and continuous improvement in the dreaded orange peel skin. (60-minute sessions, 2 times a week) TREATABLE AREAS Legs Glutes Arms Benefits: Smoothing of irregular skin Stimulation of new elastin and collagen&#8230;<\/p>","protected":false},"featured_media":40302,"comment_status":"open","ping_status":"closed","template":"","meta":{"_acf_changed":false},"product_brand":[],"product_cat":[70,82,15],"product_tag":[],"class_list":{"0":"post-40438","1":"product","2":"type-product","3":"status-publish","4":"has-post-thumbnail","6":"product_cat-body-treatments","7":"product_cat-specialized-treatments","8":"product_cat-uncategorized","10":"first","11":"instock","12":"shipping-taxable","13":"purchasable","14":"product-type-ovabrw_car_rental"},"acf":[],"jetpack_sharing_enabled":true,"_links":{"self":[{"href":"https:\/\/www.spotzencenter.com\/es\/wp-json\/wp\/v2\/product\/40438","targetHints":{"allow":["GET"]}}],"collection":[{"href":"https:\/\/www.spotzencenter.com\/es\/wp-json\/wp\/v2\/product"}],"about":[{"href":"https:\/\/www.spotzencenter.com\/es\/wp-json\/wp\/v2\/types\/product"}],"replies":[{"embeddable":true,"href":"https:\/\/www.spotzencenter.com\/es\/wp-json\/wp\/v2\/comments?post=40438"}],"version-history":[{"count":1,"href":"https:\/\/www.spotzencenter.com\/es\/wp-json\/wp\/v2\/product\/40438\/revisions"}],"predecessor-version":[{"id":41553,"href":"https:\/\/www.spotzencenter.com\/es\/wp-json\/wp\/v2\/product\/40438\/revisions\/41553"}],"wp:featuredmedia":[{"embeddable":true,"href":"https:\/\/www.spotzencenter.com\/es\/wp-json\/wp\/v2\/media\/40302"}],"wp:attachment":[{"href":"https:\/\/www.spotzencenter.com\/es\/wp-json\/wp\/v2\/media?parent=40438"}],"wp:term":[{"taxonomy":"product_brand","embeddable":true,"href":"https:\/\/www.spotzencenter.com\/es\/wp-json\/wp\/v2\/product_brand?post=40438"},{"taxonomy":"product_cat","embeddable":true,"href":"https:\/\/www.spotzencenter.com\/es\/wp-json\/wp\/v2\/product_cat?post=40438"},{"taxonomy":"product_tag","embeddable":true,"href":"https:\/\/www.spotzencenter.com\/es\/wp-json\/wp\/v2\/product_tag?post=40438"}],"curies":[{"name":"wp","href":"https:\/\/api.w.org\/{rel}","templated":true}]}}