{"id":40792,"date":"2024-10-15T01:45:59","date_gmt":"2024-10-15T01:45:59","guid":{"rendered":"https:\/\/www.spotzencenter.com\/?post_type=product&#038;p=40792"},"modified":"2024-10-28T16:17:26","modified_gmt":"2024-10-28T16:17:26","slug":"light","status":"publish","type":"product","link":"https:\/\/www.spotzencenter.com\/es\/producto\/light\/","title":{"rendered":"Luz"},"content":{"rendered":"<p><span data-sheets-root=\"1\">Tratamiento espec\u00edfico y focalizado de 10 sesiones seg\u00fan la cirug\u00eda realizada.<br \/>\nDrenaje linf\u00e1tico manual<br \/>\nUltrasonido y Masaje<br \/>\nControl de la inflamaci\u00f3n<br \/>\nManejo del dolor<br \/>\nHidrataci\u00f3n<br \/>\n(60 MINUTOS) (todos los d\u00edas)<\/span><\/p>","protected":false},"excerpt":{"rendered":"<p><span data-sheets-root=\"1\">Reduce el dolor y la inflamaci\u00f3n.<br \/>\nMejora la cicatrizaci\u00f3n y previene la fibrosis en la liposucci\u00f3n.<br \/>\nPreviene la contractura capsular en el aumento de mamas.<br \/>\nAcelera la desaparici\u00f3n de hematomas.<\/span><\/p>","protected":false},"featured_media":40793,"comment_status":"open","ping_status":"closed","template":"","meta":{"_acf_changed":false},"product_brand":[],"product_cat":[71],"product_tag":[],"class_list":{"0":"post-40792","1":"product","2":"type-product","3":"status-publish","4":"has-post-thumbnail","6":"product_cat-post-surgical","8":"first","9":"instock","10":"shipping-taxable","11":"purchasable","12":"product-type-ovabrw_car_rental"},"acf":[],"jetpack_sharing_enabled":true,"_links":{"self":[{"href":"https:\/\/www.spotzencenter.com\/es\/wp-json\/wp\/v2\/product\/40792","targetHints":{"allow":["GET"]}}],"collection":[{"href":"https:\/\/www.spotzencenter.com\/es\/wp-json\/wp\/v2\/product"}],"about":[{"href":"https:\/\/www.spotzencenter.com\/es\/wp-json\/wp\/v2\/types\/product"}],"replies":[{"embeddable":true,"href":"https:\/\/www.spotzencenter.com\/es\/wp-json\/wp\/v2\/comments?post=40792"}],"version-history":[{"count":0,"href":"https:\/\/www.spotzencenter.com\/es\/wp-json\/wp\/v2\/product\/40792\/revisions"}],"wp:featuredmedia":[{"embeddable":true,"href":"https:\/\/www.spotzencenter.com\/es\/wp-json\/wp\/v2\/media\/40793"}],"wp:attachment":[{"href":"https:\/\/www.spotzencenter.com\/es\/wp-json\/wp\/v2\/media?parent=40792"}],"wp:term":[{"taxonomy":"product_brand","embeddable":true,"href":"https:\/\/www.spotzencenter.com\/es\/wp-json\/wp\/v2\/product_brand?post=40792"},{"taxonomy":"product_cat","embeddable":true,"href":"https:\/\/www.spotzencenter.com\/es\/wp-json\/wp\/v2\/product_cat?post=40792"},{"taxonomy":"product_tag","embeddable":true,"href":"https:\/\/www.spotzencenter.com\/es\/wp-json\/wp\/v2\/product_tag?post=40792"}],"curies":[{"name":"wp","href":"https:\/\/api.w.org\/{rel}","templated":true}]}}