{"id":40795,"date":"2024-10-15T01:52:11","date_gmt":"2024-10-15T01:52:11","guid":{"rendered":"https:\/\/www.spotzencenter.com\/?post_type=product&#038;p=40795"},"modified":"2024-10-22T21:21:47","modified_gmt":"2024-10-22T21:21:47","slug":"equilibrium","status":"publish","type":"product","link":"https:\/\/www.spotzencenter.com\/es\/producto\/equilibrium\/","title":{"rendered":"Equilibrio"},"content":{"rendered":"<p><span data-sheets-root=\"1\">Tratamiento espec\u00edfico y focalizado de 15 sesiones seg\u00fan la cirug\u00eda realizada.<br \/>\nDrenaje linf\u00e1tico manual<br \/>\nUltrasonido y Masaje<br \/>\nControl de la inflamaci\u00f3n<br \/>\nManejo del dolor<br \/>\nHidrataci\u00f3n<br \/>\nMasaje relajante<br \/>\n(90 MINUTOS) (todos los d\u00edas)<\/span><\/p>","protected":false},"excerpt":{"rendered":"<p>Specific and focused treatment for 15 sessions according to the surgery performed Manual Lymphatic Drainage Ultrasound and Massage Inflammation Control Pain Management Hydration Relaxing Massage (90 MINUTES) (every day)<\/p>","protected":false},"featured_media":40796,"comment_status":"open","ping_status":"closed","template":"","meta":{"_acf_changed":false},"product_brand":[],"product_cat":[71],"product_tag":[],"class_list":{"0":"post-40795","1":"product","2":"type-product","3":"status-publish","4":"has-post-thumbnail","6":"product_cat-post-surgical","8":"first","9":"instock","10":"shipping-taxable","11":"purchasable","12":"product-type-ovabrw_car_rental"},"acf":[],"jetpack_sharing_enabled":true,"_links":{"self":[{"href":"https:\/\/www.spotzencenter.com\/es\/wp-json\/wp\/v2\/product\/40795","targetHints":{"allow":["GET"]}}],"collection":[{"href":"https:\/\/www.spotzencenter.com\/es\/wp-json\/wp\/v2\/product"}],"about":[{"href":"https:\/\/www.spotzencenter.com\/es\/wp-json\/wp\/v2\/types\/product"}],"replies":[{"embeddable":true,"href":"https:\/\/www.spotzencenter.com\/es\/wp-json\/wp\/v2\/comments?post=40795"}],"version-history":[{"count":0,"href":"https:\/\/www.spotzencenter.com\/es\/wp-json\/wp\/v2\/product\/40795\/revisions"}],"wp:featuredmedia":[{"embeddable":true,"href":"https:\/\/www.spotzencenter.com\/es\/wp-json\/wp\/v2\/media\/40796"}],"wp:attachment":[{"href":"https:\/\/www.spotzencenter.com\/es\/wp-json\/wp\/v2\/media?parent=40795"}],"wp:term":[{"taxonomy":"product_brand","embeddable":true,"href":"https:\/\/www.spotzencenter.com\/es\/wp-json\/wp\/v2\/product_brand?post=40795"},{"taxonomy":"product_cat","embeddable":true,"href":"https:\/\/www.spotzencenter.com\/es\/wp-json\/wp\/v2\/product_cat?post=40795"},{"taxonomy":"product_tag","embeddable":true,"href":"https:\/\/www.spotzencenter.com\/es\/wp-json\/wp\/v2\/product_tag?post=40795"}],"curies":[{"name":"wp","href":"https:\/\/api.w.org\/{rel}","templated":true}]}}