{"id":40798,"date":"2024-10-15T01:54:24","date_gmt":"2024-10-15T01:54:24","guid":{"rendered":"https:\/\/www.spotzencenter.com\/?post_type=product&#038;p=40798"},"modified":"2024-10-28T16:13:40","modified_gmt":"2024-10-28T16:13:40","slug":"essential","status":"publish","type":"product","link":"https:\/\/www.spotzencenter.com\/es\/producto\/essential\/","title":{"rendered":"B\u00e1sico"},"content":{"rendered":"<p><span data-sheets-root=\"1\">Sesi\u00f3n espec\u00edfica y enfocada seg\u00fan la cirug\u00eda realizada<br \/>\nDrenaje linf\u00e1tico manual<br \/>\nUltrasonido y Masaje<br \/>\nControl de la inflamaci\u00f3n<br \/>\nHidrataci\u00f3n<br \/>\n(90 minutos)<\/span><\/p>","protected":false},"excerpt":{"rendered":"<p>Specific and focused session according to the surgery performed Manual Lymphatic Drainage Ultrasound and Massage Inflammation Control Hydration (90 Minutes)<\/p>","protected":false},"featured_media":40799,"comment_status":"open","ping_status":"closed","template":"","meta":{"_acf_changed":false},"product_brand":[],"product_cat":[71],"product_tag":[],"class_list":{"0":"post-40798","1":"product","2":"type-product","3":"status-publish","4":"has-post-thumbnail","6":"product_cat-post-surgical","8":"first","9":"instock","10":"shipping-taxable","11":"purchasable","12":"product-type-ovabrw_car_rental"},"acf":[],"jetpack_sharing_enabled":true,"_links":{"self":[{"href":"https:\/\/www.spotzencenter.com\/es\/wp-json\/wp\/v2\/product\/40798","targetHints":{"allow":["GET"]}}],"collection":[{"href":"https:\/\/www.spotzencenter.com\/es\/wp-json\/wp\/v2\/product"}],"about":[{"href":"https:\/\/www.spotzencenter.com\/es\/wp-json\/wp\/v2\/types\/product"}],"replies":[{"embeddable":true,"href":"https:\/\/www.spotzencenter.com\/es\/wp-json\/wp\/v2\/comments?post=40798"}],"version-history":[{"count":0,"href":"https:\/\/www.spotzencenter.com\/es\/wp-json\/wp\/v2\/product\/40798\/revisions"}],"wp:featuredmedia":[{"embeddable":true,"href":"https:\/\/www.spotzencenter.com\/es\/wp-json\/wp\/v2\/media\/40799"}],"wp:attachment":[{"href":"https:\/\/www.spotzencenter.com\/es\/wp-json\/wp\/v2\/media?parent=40798"}],"wp:term":[{"taxonomy":"product_brand","embeddable":true,"href":"https:\/\/www.spotzencenter.com\/es\/wp-json\/wp\/v2\/product_brand?post=40798"},{"taxonomy":"product_cat","embeddable":true,"href":"https:\/\/www.spotzencenter.com\/es\/wp-json\/wp\/v2\/product_cat?post=40798"},{"taxonomy":"product_tag","embeddable":true,"href":"https:\/\/www.spotzencenter.com\/es\/wp-json\/wp\/v2\/product_tag?post=40798"}],"curies":[{"name":"wp","href":"https:\/\/api.w.org\/{rel}","templated":true}]}}