{"id":40839,"date":"2024-10-18T19:58:41","date_gmt":"2024-10-18T19:58:41","guid":{"rendered":"https:\/\/www.spotzencenter.com\/?post_type=product&#038;p=40839"},"modified":"2024-10-22T21:39:36","modified_gmt":"2024-10-22T21:39:36","slug":"sensitive-skin-cleanser-6-8-oz","status":"publish","type":"product","link":"https:\/\/www.spotzencenter.com\/es\/producto\/sensitive-skin-cleanser-6-8-oz\/","title":{"rendered":"Limpiador para pieles sensibles, 6,8 oz"},"content":{"rendered":"<p>Una delicada combinaci\u00f3n de c\u00e1rtamo, manzanilla y casta\u00f1o de Indias elimina las impurezas sin provocar enrojecimiento.<\/p>","protected":false},"excerpt":{"rendered":"<p>Limpiador para pieles sensibles<\/p>","protected":false},"featured_media":40840,"comment_status":"open","ping_status":"closed","template":"","meta":{"_acf_changed":false},"product_brand":[],"product_cat":[48],"product_tag":[],"class_list":{"0":"post-40839","1":"product","2":"type-product","3":"status-publish","4":"has-post-thumbnail","6":"product_cat-products","8":"first","9":"instock","10":"shipping-taxable","11":"purchasable","12":"product-type-simple"},"acf":[],"jetpack_sharing_enabled":true,"_links":{"self":[{"href":"https:\/\/www.spotzencenter.com\/es\/wp-json\/wp\/v2\/product\/40839","targetHints":{"allow":["GET"]}}],"collection":[{"href":"https:\/\/www.spotzencenter.com\/es\/wp-json\/wp\/v2\/product"}],"about":[{"href":"https:\/\/www.spotzencenter.com\/es\/wp-json\/wp\/v2\/types\/product"}],"replies":[{"embeddable":true,"href":"https:\/\/www.spotzencenter.com\/es\/wp-json\/wp\/v2\/comments?post=40839"}],"version-history":[{"count":0,"href":"https:\/\/www.spotzencenter.com\/es\/wp-json\/wp\/v2\/product\/40839\/revisions"}],"wp:featuredmedia":[{"embeddable":true,"href":"https:\/\/www.spotzencenter.com\/es\/wp-json\/wp\/v2\/media\/40840"}],"wp:attachment":[{"href":"https:\/\/www.spotzencenter.com\/es\/wp-json\/wp\/v2\/media?parent=40839"}],"wp:term":[{"taxonomy":"product_brand","embeddable":true,"href":"https:\/\/www.spotzencenter.com\/es\/wp-json\/wp\/v2\/product_brand?post=40839"},{"taxonomy":"product_cat","embeddable":true,"href":"https:\/\/www.spotzencenter.com\/es\/wp-json\/wp\/v2\/product_cat?post=40839"},{"taxonomy":"product_tag","embeddable":true,"href":"https:\/\/www.spotzencenter.com\/es\/wp-json\/wp\/v2\/product_tag?post=40839"}],"curies":[{"name":"wp","href":"https:\/\/api.w.org\/{rel}","templated":true}]}}