{"id":40844,"date":"2024-10-18T20:08:51","date_gmt":"2024-10-18T20:08:51","guid":{"rendered":"https:\/\/www.spotzencenter.com\/?post_type=product&#038;p=40844"},"modified":"2024-11-03T02:31:29","modified_gmt":"2024-11-03T02:31:29","slug":"sensitive-skin-lotion-6-8-oz","status":"publish","type":"product","link":"https:\/\/www.spotzencenter.com\/es\/producto\/sensitive-skin-lotion-6-8-oz\/","title":{"rendered":"Loci\u00f3n para pieles sensibles, 6,8 oz"},"content":{"rendered":"<p>Rico en cal\u00e9ndula, aloe y azuleno, este t\u00f3nico elimina las impurezas. Sin alcohol ni sulfatos.<\/p>","protected":false},"excerpt":{"rendered":"<p>Loci\u00f3n para pieles sensibles<\/p>","protected":false},"featured_media":40845,"comment_status":"open","ping_status":"closed","template":"","meta":{"_acf_changed":false},"product_brand":[],"product_cat":[48],"product_tag":[],"class_list":{"0":"post-40844","1":"product","2":"type-product","3":"status-publish","4":"has-post-thumbnail","6":"product_cat-products","8":"first","9":"instock","10":"featured","11":"shipping-taxable","12":"purchasable","13":"product-type-simple"},"acf":[],"jetpack_sharing_enabled":true,"_links":{"self":[{"href":"https:\/\/www.spotzencenter.com\/es\/wp-json\/wp\/v2\/product\/40844","targetHints":{"allow":["GET"]}}],"collection":[{"href":"https:\/\/www.spotzencenter.com\/es\/wp-json\/wp\/v2\/product"}],"about":[{"href":"https:\/\/www.spotzencenter.com\/es\/wp-json\/wp\/v2\/types\/product"}],"replies":[{"embeddable":true,"href":"https:\/\/www.spotzencenter.com\/es\/wp-json\/wp\/v2\/comments?post=40844"}],"version-history":[{"count":0,"href":"https:\/\/www.spotzencenter.com\/es\/wp-json\/wp\/v2\/product\/40844\/revisions"}],"wp:featuredmedia":[{"embeddable":true,"href":"https:\/\/www.spotzencenter.com\/es\/wp-json\/wp\/v2\/media\/40845"}],"wp:attachment":[{"href":"https:\/\/www.spotzencenter.com\/es\/wp-json\/wp\/v2\/media?parent=40844"}],"wp:term":[{"taxonomy":"product_brand","embeddable":true,"href":"https:\/\/www.spotzencenter.com\/es\/wp-json\/wp\/v2\/product_brand?post=40844"},{"taxonomy":"product_cat","embeddable":true,"href":"https:\/\/www.spotzencenter.com\/es\/wp-json\/wp\/v2\/product_cat?post=40844"},{"taxonomy":"product_tag","embeddable":true,"href":"https:\/\/www.spotzencenter.com\/es\/wp-json\/wp\/v2\/product_tag?post=40844"}],"curies":[{"name":"wp","href":"https:\/\/api.w.org\/{rel}","templated":true}]}}