{"id":40854,"date":"2024-10-18T20:23:04","date_gmt":"2024-10-18T20:23:04","guid":{"rendered":"https:\/\/www.spotzencenter.com\/?post_type=product&#038;p=40854"},"modified":"2025-03-01T17:44:34","modified_gmt":"2025-03-01T17:44:34","slug":"hyalurounic-acid-hydramist-6-8-oz","status":"publish","type":"product","link":"https:\/\/www.spotzencenter.com\/es\/producto\/hyalurounic-acid-hydramist-6-8-oz\/","title":{"rendered":"Hidramista de \u00e1cido hialur\u00f3nico, 6.8 oz"},"content":{"rendered":"<p>Con \u00e1cido hialur\u00f3nico y col\u00e1geno marino, infunde a tu piel una oleada de hidrataci\u00f3n incomparable.<\/p>","protected":false},"excerpt":{"rendered":"<p>Loci\u00f3n en aerosol<\/p>","protected":false},"featured_media":40855,"comment_status":"open","ping_status":"closed","template":"","meta":{"_acf_changed":false},"product_brand":[],"product_cat":[48],"product_tag":[],"class_list":{"0":"post-40854","1":"product","2":"type-product","3":"status-publish","4":"has-post-thumbnail","6":"product_cat-products","8":"first","9":"instock","10":"shipping-taxable","11":"purchasable","12":"product-type-simple"},"acf":[],"jetpack_sharing_enabled":true,"_links":{"self":[{"href":"https:\/\/www.spotzencenter.com\/es\/wp-json\/wp\/v2\/product\/40854","targetHints":{"allow":["GET"]}}],"collection":[{"href":"https:\/\/www.spotzencenter.com\/es\/wp-json\/wp\/v2\/product"}],"about":[{"href":"https:\/\/www.spotzencenter.com\/es\/wp-json\/wp\/v2\/types\/product"}],"replies":[{"embeddable":true,"href":"https:\/\/www.spotzencenter.com\/es\/wp-json\/wp\/v2\/comments?post=40854"}],"version-history":[{"count":0,"href":"https:\/\/www.spotzencenter.com\/es\/wp-json\/wp\/v2\/product\/40854\/revisions"}],"wp:featuredmedia":[{"embeddable":true,"href":"https:\/\/www.spotzencenter.com\/es\/wp-json\/wp\/v2\/media\/40855"}],"wp:attachment":[{"href":"https:\/\/www.spotzencenter.com\/es\/wp-json\/wp\/v2\/media?parent=40854"}],"wp:term":[{"taxonomy":"product_brand","embeddable":true,"href":"https:\/\/www.spotzencenter.com\/es\/wp-json\/wp\/v2\/product_brand?post=40854"},{"taxonomy":"product_cat","embeddable":true,"href":"https:\/\/www.spotzencenter.com\/es\/wp-json\/wp\/v2\/product_cat?post=40854"},{"taxonomy":"product_tag","embeddable":true,"href":"https:\/\/www.spotzencenter.com\/es\/wp-json\/wp\/v2\/product_tag?post=40854"}],"curies":[{"name":"wp","href":"https:\/\/api.w.org\/{rel}","templated":true}]}}