{"id":40866,"date":"2024-10-21T14:44:19","date_gmt":"2024-10-21T14:44:19","guid":{"rendered":"https:\/\/www.spotzencenter.com\/?post_type=product&#038;p=40866"},"modified":"2025-03-01T17:44:34","modified_gmt":"2025-03-01T17:44:34","slug":"gentle-exfoliating-cleanser-5-0-oz","status":"publish","type":"product","link":"https:\/\/www.spotzencenter.com\/es\/producto\/gentle-exfoliating-cleanser-5-0-oz\/","title":{"rendered":"Limpiador exfoliante suave, 5.0 oz"},"content":{"rendered":"<p>Exfoliante facial que elimina impurezas y piel muerta. Una f\u00f3rmula eficaz con amino\u00e1cidos de avena, perlas de jojoba y cal\u00e9ndula.<\/p>","protected":false},"excerpt":{"rendered":"<p>Limpiador exfoliante<\/p>","protected":false},"featured_media":40867,"comment_status":"open","ping_status":"closed","template":"","meta":{"_acf_changed":false},"product_brand":[],"product_cat":[48],"product_tag":[],"class_list":{"0":"post-40866","1":"product","2":"type-product","3":"status-publish","4":"has-post-thumbnail","6":"product_cat-products","8":"first","9":"instock","10":"shipping-taxable","11":"purchasable","12":"product-type-simple"},"acf":[],"jetpack_sharing_enabled":true,"_links":{"self":[{"href":"https:\/\/www.spotzencenter.com\/es\/wp-json\/wp\/v2\/product\/40866","targetHints":{"allow":["GET"]}}],"collection":[{"href":"https:\/\/www.spotzencenter.com\/es\/wp-json\/wp\/v2\/product"}],"about":[{"href":"https:\/\/www.spotzencenter.com\/es\/wp-json\/wp\/v2\/types\/product"}],"replies":[{"embeddable":true,"href":"https:\/\/www.spotzencenter.com\/es\/wp-json\/wp\/v2\/comments?post=40866"}],"version-history":[{"count":0,"href":"https:\/\/www.spotzencenter.com\/es\/wp-json\/wp\/v2\/product\/40866\/revisions"}],"wp:featuredmedia":[{"embeddable":true,"href":"https:\/\/www.spotzencenter.com\/es\/wp-json\/wp\/v2\/media\/40867"}],"wp:attachment":[{"href":"https:\/\/www.spotzencenter.com\/es\/wp-json\/wp\/v2\/media?parent=40866"}],"wp:term":[{"taxonomy":"product_brand","embeddable":true,"href":"https:\/\/www.spotzencenter.com\/es\/wp-json\/wp\/v2\/product_brand?post=40866"},{"taxonomy":"product_cat","embeddable":true,"href":"https:\/\/www.spotzencenter.com\/es\/wp-json\/wp\/v2\/product_cat?post=40866"},{"taxonomy":"product_tag","embeddable":true,"href":"https:\/\/www.spotzencenter.com\/es\/wp-json\/wp\/v2\/product_tag?post=40866"}],"curies":[{"name":"wp","href":"https:\/\/api.w.org\/{rel}","templated":true}]}}