{"id":40869,"date":"2024-10-21T14:49:23","date_gmt":"2024-10-21T14:49:23","guid":{"rendered":"https:\/\/www.spotzencenter.com\/?post_type=product&#038;p=40869"},"modified":"2025-03-01T17:44:34","modified_gmt":"2025-03-01T17:44:34","slug":"destress-escape-arom-oil-0-5-oz","status":"publish","type":"product","link":"https:\/\/www.spotzencenter.com\/es\/producto\/destress-escape-arom-oil-0-5-oz\/","title":{"rendered":"Aceite arom\u00e1tico DeStress Escape, 0,5 oz"},"content":{"rendered":"<p>Delicioso aroma arom\u00e1tico para una mayor sensaci\u00f3n de bienestar. C\u00e1rtamo, lavanda y pomelo.<\/p>","protected":false},"excerpt":{"rendered":"<p>Aceite relajante<\/p>","protected":false},"featured_media":40870,"comment_status":"open","ping_status":"closed","template":"","meta":{"_acf_changed":false},"product_brand":[],"product_cat":[48],"product_tag":[],"class_list":{"0":"post-40869","1":"product","2":"type-product","3":"status-publish","4":"has-post-thumbnail","6":"product_cat-products","8":"first","9":"instock","10":"featured","11":"shipping-taxable","12":"purchasable","13":"product-type-simple"},"acf":[],"jetpack_sharing_enabled":true,"_links":{"self":[{"href":"https:\/\/www.spotzencenter.com\/es\/wp-json\/wp\/v2\/product\/40869","targetHints":{"allow":["GET"]}}],"collection":[{"href":"https:\/\/www.spotzencenter.com\/es\/wp-json\/wp\/v2\/product"}],"about":[{"href":"https:\/\/www.spotzencenter.com\/es\/wp-json\/wp\/v2\/types\/product"}],"replies":[{"embeddable":true,"href":"https:\/\/www.spotzencenter.com\/es\/wp-json\/wp\/v2\/comments?post=40869"}],"version-history":[{"count":0,"href":"https:\/\/www.spotzencenter.com\/es\/wp-json\/wp\/v2\/product\/40869\/revisions"}],"wp:featuredmedia":[{"embeddable":true,"href":"https:\/\/www.spotzencenter.com\/es\/wp-json\/wp\/v2\/media\/40870"}],"wp:attachment":[{"href":"https:\/\/www.spotzencenter.com\/es\/wp-json\/wp\/v2\/media?parent=40869"}],"wp:term":[{"taxonomy":"product_brand","embeddable":true,"href":"https:\/\/www.spotzencenter.com\/es\/wp-json\/wp\/v2\/product_brand?post=40869"},{"taxonomy":"product_cat","embeddable":true,"href":"https:\/\/www.spotzencenter.com\/es\/wp-json\/wp\/v2\/product_cat?post=40869"},{"taxonomy":"product_tag","embeddable":true,"href":"https:\/\/www.spotzencenter.com\/es\/wp-json\/wp\/v2\/product_tag?post=40869"}],"curies":[{"name":"wp","href":"https:\/\/api.w.org\/{rel}","templated":true}]}}