{"id":40887,"date":"2024-10-21T15:32:47","date_gmt":"2024-10-21T15:32:47","guid":{"rendered":"https:\/\/www.spotzencenter.com\/?post_type=product&#038;p=40887"},"modified":"2025-03-01T17:44:34","modified_gmt":"2025-03-01T17:44:34","slug":"hydrating-cleanser-4-oz","status":"publish","type":"product","link":"https:\/\/www.spotzencenter.com\/es\/producto\/hydrating-cleanser-4-oz\/","title":{"rendered":"Limpiador hidratante, 4 oz"},"content":{"rendered":"<p>Un suero exquisito y de f\u00e1cil absorci\u00f3n que ofrece altas concentraciones de prop\u00f3leo sostenible de origen exclusivo, junto con vetiver y lavanda.<\/p>","protected":false},"excerpt":{"rendered":"<p>Concentrado calmante de prop\u00f3leo<\/p>","protected":false},"featured_media":40888,"comment_status":"open","ping_status":"closed","template":"","meta":{"_acf_changed":false},"product_brand":[],"product_cat":[48],"product_tag":[],"class_list":{"0":"post-40887","1":"product","2":"type-product","3":"status-publish","4":"has-post-thumbnail","6":"product_cat-products","8":"first","9":"instock","10":"shipping-taxable","11":"purchasable","12":"product-type-simple"},"acf":[],"jetpack_sharing_enabled":true,"_links":{"self":[{"href":"https:\/\/www.spotzencenter.com\/es\/wp-json\/wp\/v2\/product\/40887","targetHints":{"allow":["GET"]}}],"collection":[{"href":"https:\/\/www.spotzencenter.com\/es\/wp-json\/wp\/v2\/product"}],"about":[{"href":"https:\/\/www.spotzencenter.com\/es\/wp-json\/wp\/v2\/types\/product"}],"replies":[{"embeddable":true,"href":"https:\/\/www.spotzencenter.com\/es\/wp-json\/wp\/v2\/comments?post=40887"}],"version-history":[{"count":0,"href":"https:\/\/www.spotzencenter.com\/es\/wp-json\/wp\/v2\/product\/40887\/revisions"}],"wp:featuredmedia":[{"embeddable":true,"href":"https:\/\/www.spotzencenter.com\/es\/wp-json\/wp\/v2\/media\/40888"}],"wp:attachment":[{"href":"https:\/\/www.spotzencenter.com\/es\/wp-json\/wp\/v2\/media?parent=40887"}],"wp:term":[{"taxonomy":"product_brand","embeddable":true,"href":"https:\/\/www.spotzencenter.com\/es\/wp-json\/wp\/v2\/product_brand?post=40887"},{"taxonomy":"product_cat","embeddable":true,"href":"https:\/\/www.spotzencenter.com\/es\/wp-json\/wp\/v2\/product_cat?post=40887"},{"taxonomy":"product_tag","embeddable":true,"href":"https:\/\/www.spotzencenter.com\/es\/wp-json\/wp\/v2\/product_tag?post=40887"}],"curies":[{"name":"wp","href":"https:\/\/api.w.org\/{rel}","templated":true}]}}