{"id":41010,"date":"2024-11-03T01:59:02","date_gmt":"2024-11-03T01:59:02","guid":{"rendered":"https:\/\/www.spotzencenter.com\/?post_type=product&#038;p=41010"},"modified":"2025-02-04T19:14:49","modified_gmt":"2025-02-04T19:14:49","slug":"spotzen-membership","status":"publish","type":"product","link":"https:\/\/www.spotzencenter.com\/es\/producto\/spotzen-membership\/","title":{"rendered":"Membres\u00eda de Spotzen"},"content":{"rendered":"<p><strong>Beneficios:<\/strong><\/p>\n<ul>\n<li>2 masajes personalizados a elegir<\/li>\n<li>2 envolturas corporales de su elecci\u00f3n<\/li>\n<li>2 sesiones de drenaje linf\u00e1tico personalizadas<\/li>\n<li>2 tratamientos faciales hidrafaciales de lujo<\/li>\n<li>Orientaci\u00f3n integral sobre programas de bienestar<\/li>\n<li>2 vales para invitados para masajes de 50 minutos a elegir<\/li>\n<li>Plan de nutrici\u00f3n sugerido<\/li>\n<li>Consulta personalizada con un terapeuta de spa.<\/li>\n<li>Disponibilidad de horario flexible<\/li>\n<li>Kit de bienvenida<\/li>\n<\/ul>","protected":false},"excerpt":{"rendered":"<p>Dise\u00f1ado para familias conscientes de la salud, esta membres\u00eda ofrece un entorno lujoso y de apoyo para el bienestar hol\u00edstico y la desintoxicaci\u00f3n completa del cuerpo y la mente.<\/p>","protected":false},"featured_media":39885,"comment_status":"open","ping_status":"closed","template":"","meta":{"_acf_changed":false},"product_brand":[],"product_cat":[72],"product_tag":[],"class_list":{"0":"post-41010","1":"product","2":"type-product","3":"status-publish","4":"has-post-thumbnail","6":"product_cat-memberships","8":"first","9":"instock","10":"sale","11":"shipping-taxable","12":"purchasable","13":"product-type-simple"},"acf":[],"jetpack_sharing_enabled":true,"_links":{"self":[{"href":"https:\/\/www.spotzencenter.com\/es\/wp-json\/wp\/v2\/product\/41010","targetHints":{"allow":["GET"]}}],"collection":[{"href":"https:\/\/www.spotzencenter.com\/es\/wp-json\/wp\/v2\/product"}],"about":[{"href":"https:\/\/www.spotzencenter.com\/es\/wp-json\/wp\/v2\/types\/product"}],"replies":[{"embeddable":true,"href":"https:\/\/www.spotzencenter.com\/es\/wp-json\/wp\/v2\/comments?post=41010"}],"version-history":[{"count":0,"href":"https:\/\/www.spotzencenter.com\/es\/wp-json\/wp\/v2\/product\/41010\/revisions"}],"wp:featuredmedia":[{"embeddable":true,"href":"https:\/\/www.spotzencenter.com\/es\/wp-json\/wp\/v2\/media\/39885"}],"wp:attachment":[{"href":"https:\/\/www.spotzencenter.com\/es\/wp-json\/wp\/v2\/media?parent=41010"}],"wp:term":[{"taxonomy":"product_brand","embeddable":true,"href":"https:\/\/www.spotzencenter.com\/es\/wp-json\/wp\/v2\/product_brand?post=41010"},{"taxonomy":"product_cat","embeddable":true,"href":"https:\/\/www.spotzencenter.com\/es\/wp-json\/wp\/v2\/product_cat?post=41010"},{"taxonomy":"product_tag","embeddable":true,"href":"https:\/\/www.spotzencenter.com\/es\/wp-json\/wp\/v2\/product_tag?post=41010"}],"curies":[{"name":"wp","href":"https:\/\/api.w.org\/{rel}","templated":true}]}}